{"id":3,"date":"2019-10-25T15:19:26","date_gmt":"2019-10-25T13:19:26","guid":{"rendered":"http:\/\/bn.primetn.it\/demo_santoni\/?page_id=3"},"modified":"2026-01-27T12:37:13","modified_gmt":"2026-01-27T11:37:13","slug":"privacy-policy","status":"publish","type":"page","link":"https:\/\/hotelsantoni.net\/en\/privacy-policy\/","title":{"rendered":"Privacy &#038; Cookies Policy"},"content":{"rendered":"<div data-elementor-type=\"wp-page\" data-elementor-id=\"3\" class=\"elementor elementor-3\" data-elementor-settings=\"[]\">\n\t\t\t\t\t\t<div class=\"elementor-inner\">\n\t\t\t\t\t\t\t<div class=\"elementor-section-wrap\">\n\t\t\t\t\t\t\t<section class=\"elementor-section elementor-top-section elementor-element elementor-element-16337237 elementor-section-boxed elementor-section-height-default elementor-section-height-default\" data-id=\"16337237\" data-element_type=\"section\">\n\t\t\t\t\t\t<div class=\"elementor-container elementor-column-gap-default\">\n\t\t\t\t\t\t\t<div class=\"elementor-row\">\n\t\t\t\t\t<div class=\"elementor-column elementor-col-100 elementor-top-column elementor-element elementor-element-5917f426\" data-id=\"5917f426\" data-element_type=\"column\">\n\t\t\t<div class=\"elementor-column-wrap elementor-element-populated\">\n\t\t\t\t\t\t\t<div class=\"elementor-widget-wrap\">\n\t\t\t\t\t\t<div class=\"elementor-element elementor-element-ee78a73 elementor-widget elementor-widget-text-editor\" data-id=\"ee78a73\" data-element_type=\"widget\" data-widget_type=\"text-editor.default\">\n\t\t\t\t<div class=\"elementor-widget-container\">\n\t\t\t\t\t<div class=\"elementor-text-editor elementor-clearfix\"><h3>\u00a0<\/h3><h1>Privacy &amp; Cookies policies<\/h1><h3><strong>CHI SIAMO<\/strong><\/h3><p><strong>Santoni Hotel<\/strong><br \/>La Presanella S.r.l. &#8211; Via 3 novembre 35<br \/>38026 Fucine Ossana TN<br \/>P.I. 01194310221<\/p><p>Email: <a href=\"mailto:info@hotelsantoni.net\">info@hotelsantoni.net<\/a><br \/>Tel: +39 0463 751748<\/p><div><div><strong>RESPONSABILE TRATTAMENTO DEI DATI: La Presanella S.r.l.<\/strong><\/div><\/div><h3><strong>PERCH\u00c9 QUESTE INFORMAZIONI<\/strong><\/h3><p><strong>Santoni Hotel <\/strong>si impegna costantemente per tutelare la privacy on-line dei suoi utenti. Questo documento \u00e8 stato redatto ai sensi dell\u2019art. 13 del Regolamento UE 2016\/679 (di seguito: &#8220;<b>Regolamento<\/b>&#8220;) al fine di permetterle di conoscere la nostra politica sulla privacy, per capire come le sue informazioni personali vengono gestite quando utilizza il nostro sito web (di seguito \u201c<strong>Sito<\/strong>\u201d) e, se del caso, di prestare un consenso al trattamento dei Suoi dati personali in modo espresso e consapevole.<\/p><p>Le informazioni ed i dati da Lei forniti od altrimenti acquisiti nell&#8217;ambito dell\u2019utilizzo dei nostri servizi sul sito &#8211; di seguito &#8221;\u00a0<b>Servizi<\/b>&#8220;-, saranno oggetto di trattamento nel rispetto delle disposizioni del Regolamento e degli obblighi di riservatezza che ispirano l&#8217;attivit\u00e0 del titolare.<\/p><p>Secondo le norme del Regolamento, i trattamenti effettuati da saranno improntati ai principi di liceit\u00e0, correttezza, trasparenza, limitazione delle finalit\u00e0 e della conservazione, minimizzazione dei dati, esattezza, integrit\u00e0 e riservatezza.<\/p><h3><b>TITOLARE DEL TRATTAMENTO<\/b><\/h3><p>Il titolare dei trattamenti svolti attraverso il Sito \u00e8 <strong>La Presanella S.r.l.<\/strong> come sopra definito. Per qualunque informazione inerente al trattamento dei dati personali da parte del titolare, tra cui l\u2019elenco dei responsabili del trattamento che trattano dati, pu\u00f2 scrivere al seguente indirizzo:\u00a0<a href=\"mailto:info@hotelsantoni.net\">info@hotelsantoni.net<\/a><\/p><h3><strong>RESPONSABILE DELLA PROTEZIONE DEI DATI<\/strong><\/h3><p>Il Responsabile della Protezione dei Dati (RPD) \u00e8 <strong>La Presanella S.r.l. <\/strong>ed \u00e8 raggiungibile al seguente indirizzo <strong>Hotel Santoni &#8211; La Presanella S.r.l. &#8211; Via 3 novembre 35 &#8211; 38026 Fucine Ossana TN &#8211; <a href=\"mailto:info@hotelsantoni.net\">info@hotelsantoni.net<\/a><\/strong><\/p><h3><b>LUOGO DI TRATTAMENTO DEI DATI<\/b><\/h3><p>I trattamenti connessi ai servizi web di questo sito hanno luogo in ITALIA presso la server Farm di Pensareweb in\u00a0Via Macanno, 38\/N 47924 Rimini,fornitore di servizi per l\u2019infrastruttura tecnologica (sub responsabile \u2013 art. 28 GDPR) di cui Pensareweb s.r.l. \u00e8 il responsabile primario.<br \/>I trattamenti dati per le operazioni di manutenzione e gestione del sito web sono effettuati da Pensareweb\u00a0 responsabile del trattamento (art. 28 GDPR).<\/p><h3><b>FINALITA&#8217; DEL TRATTAMENTO<\/b><\/h3><div><h5><b>Erogazione del servizio\u00a0<\/b><\/h5><p>I dati personali forniti dagli utenti che si avvalgono dei servizi resi da <strong>Santoni Hotel <\/strong>\u00a0(es: attraverso la navigazione sul sito, la compilazione di form per varie richieste) sono utilizzati al solo scopo di eseguire il servizio o la prestazione richiesta.<\/p><div><div><h5><b>Ulteriori comunicazioni a seguito di un soggiorno<\/b><\/h5><\/div><div>Successivamente all&#8217;acquisto di un soggiorno, <strong>Santoni Hotel <\/strong> potr\u00e0 inoltrare all&#8217;utente ulteriori comunicazioni anche di carattere commerciale inerenti i propri servizi. La base giuridica del trattamento sopra esposto \u00e8 il legittimo interesse del titolare del trattamento (cons. 47 GDPR).<\/div><\/div><h5><b>Marketing diretto<\/b><\/h5><p>In caso di consenso specifico (registrandosi alla newsletter) <strong>Santoni Hotel <\/strong> potr\u00e0 inviare per posta elettronica informazioni sui nuovi prodotti, promozioni e offerte speciali. E&#8217; facolt\u00e0 dell&#8217;utente disabilitare il servizio in qualsiasi momento attraverso l&#8217;apposita procedura e\/o le modalit\u00e0 indicate successivamente per l&#8217;esercizio dei suoi diritti. La base giuridica del trattamento sopra esposto \u00e8 il consenso dell&#8217;interessato. Specifiche informative di sintesi, se necessario, all&#8217;occorrenza, verranno riportate o visualizzate nelle pagine del sito predisposte per particolari ulteriori servizi a richiesta.<\/p><h3><b>FACOLTATIVITA&#8217; DEL CONFERIMENTO DEI DATI<\/b><\/h3><p>A parte quanto specificato per i dati di navigazione, l&#8217;utente \u00e8 libero di fornire a <strong>Santoni Hotel\u00a0 <\/strong> i dati personali richiesti per fruire dei servizi erogati tramite il sito. Il mancato conferimento dei dati relativi ai campi contrassegnati da asterisco (obbligatori) comporta l&#8217;impossibilit\u00e0 di usufruire del servizio offerto.<\/p><h3><strong>PERIODO DI CONSERVAZIONE DEI DATI<\/strong><\/h3><p>I dati personali sono trattati con strumenti automatizzati per il tempo strettamente necessario a conseguire gli scopi per cui sono stati raccolti.<\/p><h3><b>MODALITA\u2019 E SICUREZZA DEL TRATTAMENTO<\/b><\/h3><p>Il trattamento dei dati<br \/>personali avviene attraverso strumenti informatici idonei a garantire<br \/>la sicurezza e la riservatezza dei dati stessi e comunque nel rispetto<br \/>delle misure di sicurezza adeguate cos\u00ec come richiesto dall\u2019art. 32<br \/>GDPR, mediante i protocolli di comunicazione sicuri con algoritmi di<br \/>criptazione SSL.<\/p><h3><b>DIRITTI DEGLI INTERESSATI<\/b><\/h3><p>Ai sensi degli articoli 15 e seguenti del Regolamento, ha il diritto di chiedere al titolare, in qualunque momento, l&#8217;accesso ai tuoi Dati Personali, la rettifica o la cancellazione degli stessi o di opporti al loro trattamento, ha diritto di richiedere la limitazione del trattamento nei casi previsti dall&#8217;art. 18 del Regolamento, nonch\u00e9 di ottenere in un formato strutturato, di uso comune e leggibile da dispositivo automatico i dati che la riguardano, nei casi previsti dall&#8217;art. 20 del Regolamento.<\/p><p>Le richieste vanno rivolte per iscritto al titolare al seguente indirizzo: <b><a href=\"mailto:info@hotelsantoni.net\">info@hotelsantoni.net<\/a><\/b><\/p><p>In ogni caso Lei ha sempre diritto di proporre reclamo all&#8217;Autorit\u00e0 di Controllo competente (Garante per la Protezione dei Dati Personali), ai sensi dell&#8217;art. 77 del Regolamento, qualora ritenga che il trattamento dei tuoi Dati Personali sia contrario alla normativa in vigore.<\/p><h3><b>MODIFICHE a questa privacy policy<br \/><\/b><\/h3><p>La presente privacy policy \u00e8 in vigore dal 01.01.2019. Il titolare si riserva di modificarne o semplicemente aggiornarne il contenuto, in parte o completamente, anche a causa di variazioni della normativa applicabile. Il contenuto del sito e della presente privacy policy potrebbero essere soggetti a variazioni, pertanto il Titolare la invita a visitare con regolarit\u00e0 questa sezione per prendere cognizione della pi\u00f9 recente ed aggiornata versione della privacy policy in modo da essere sempre aggiornato sui dati raccolti e sull\u2019uso che ne viene fatto.<\/p><\/div><\/div>\n\t\t\t\t<\/div>\n\t\t\t\t<\/div>\n\t\t\t\t<div class=\"elementor-element elementor-element-8febbaf elementor-widget elementor-widget-text-editor\" data-id=\"8febbaf\" data-element_type=\"widget\" data-widget_type=\"text-editor.default\">\n\t\t\t\t<div class=\"elementor-widget-container\">\n\t\t\t\t\t<div class=\"elementor-text-editor elementor-clearfix\"><h1 class=\"cookie-policy-h1\">Cookie Policy<\/h1><p class=\"cookie-policy-p\">\u00a0<\/p><\/div>\n\t\t\t\t<\/div>\n\t\t\t\t<\/div>\n\t\t\t\t<div class=\"elementor-element elementor-element-97d9666 elementor-widget elementor-widget-html\" data-id=\"97d9666\" data-element_type=\"widget\" data-widget_type=\"html.default\">\n\t\t\t\t<div class=\"elementor-widget-container\">\n\t\t\t<div class= \"cky-audit-table-element\"><\/div>\t\t<\/div>\n\t\t\t\t<\/div>\n\t\t\t\t\t\t<\/div>\n\t\t\t\t\t<\/div>\n\t\t<\/div>\n\t\t\t\t\t\t\t\t<\/div>\n\t\t\t\t\t<\/div>\n\t\t<\/section>\n\t\t\t\t\t\t<\/div>\n\t\t\t\t\t\t<\/div>\n\t\t\t\t\t<\/div>","protected":false},"excerpt":{"rendered":"<p>\u00a0 Privacy &amp; Cookies policies CHI SIAMO Hotel SantoniLa Presanella S.r.l. &#8211; Via 3 novembre 3538026 Fucine Ossana TNP.I. 01194310221 Email: info@hotelsantoni.netTel: +39 0463 751748 RESPONSABILE TRATTAMENTO DEI DATI: La Presanella S.r.l. PERCH\u00c9 QUESTE INFORMAZIONI Hotel Santoni si impegna costantemente per tutelare la privacy on-line dei suoi utenti. Questo documento \u00e8 stato redatto ai sensi.<\/p>","protected":false},"author":1,"featured_media":0,"parent":0,"menu_order":0,"comment_status":"closed","ping_status":"open","template":"","meta":{"footnotes":""},"yoast_head":"<!-- This site is optimized with the Yoast SEO plugin v24.4 - https:\/\/yoast.com\/wordpress\/plugins\/seo\/ -->\n<title>Privacy &amp; Cookies Policy - Hotel Santoni<\/title>\n<meta name=\"robots\" content=\"index, follow, max-snippet:-1, max-image-preview:large, max-video-preview:-1\" \/>\n<link rel=\"canonical\" href=\"https:\/\/hotelsantoni.net\/en\/privacy-policy\/\" \/>\n<meta property=\"og:locale\" content=\"en_US\" \/>\n<meta property=\"og:type\" content=\"article\" \/>\n<meta property=\"og:title\" content=\"Privacy &amp; Cookies Policy - Hotel Santoni\" \/>\n<meta property=\"og:description\" content=\"\u00a0 Privacy &amp; Cookies policies CHI SIAMO Hotel SantoniLa Presanella S.r.l. &#8211; Via 3 novembre 3538026 Fucine Ossana TNP.I. 01194310221 Email: info@hotelsantoni.netTel: +39 0463 751748 RESPONSABILE TRATTAMENTO DEI DATI: La Presanella S.r.l. PERCH\u00c9 QUESTE INFORMAZIONI Hotel Santoni si impegna costantemente per tutelare la privacy on-line dei suoi utenti. Questo documento \u00e8 stato redatto ai sensi.\" \/>\n<meta property=\"og:url\" content=\"https:\/\/hotelsantoni.net\/en\/privacy-policy\/\" \/>\n<meta property=\"og:site_name\" content=\"Hotel Santoni\" \/>\n<meta property=\"article:modified_time\" content=\"2026-01-27T11:37:13+00:00\" \/>\n<meta name=\"twitter:card\" content=\"summary_large_image\" \/>\n<meta name=\"twitter:label1\" content=\"Est. reading time\" \/>\n\t<meta name=\"twitter:data1\" content=\"7 minutes\" \/>\n<script type=\"application\/ld+json\" class=\"yoast-schema-graph\">{\"@context\":\"https:\/\/schema.org\",\"@graph\":[{\"@type\":\"WebPage\",\"@id\":\"https:\/\/hotelsantoni.net\/privacy-policy\/\",\"url\":\"https:\/\/hotelsantoni.net\/privacy-policy\/\",\"name\":\"Privacy & Cookies Policy - Hotel Santoni\",\"isPartOf\":{\"@id\":\"https:\/\/hotelsantoni.net\/#website\"},\"datePublished\":\"2019-10-25T13:19:26+00:00\",\"dateModified\":\"2026-01-27T11:37:13+00:00\",\"breadcrumb\":{\"@id\":\"https:\/\/hotelsantoni.net\/privacy-policy\/#breadcrumb\"},\"inLanguage\":\"en-US\",\"potentialAction\":[{\"@type\":\"ReadAction\",\"target\":[\"https:\/\/hotelsantoni.net\/privacy-policy\/\"]}]},{\"@type\":\"BreadcrumbList\",\"@id\":\"https:\/\/hotelsantoni.net\/privacy-policy\/#breadcrumb\",\"itemListElement\":[{\"@type\":\"ListItem\",\"position\":1,\"name\":\"Home\",\"item\":\"https:\/\/hotelsantoni.net\/\"},{\"@type\":\"ListItem\",\"position\":2,\"name\":\"Privacy &#038; Cookies Policy\"}]},{\"@type\":\"WebSite\",\"@id\":\"https:\/\/hotelsantoni.net\/#website\",\"url\":\"https:\/\/hotelsantoni.net\/\",\"name\":\"Hotel Santoni\",\"description\":\"La tua vacanza in Val di Sole\",\"publisher\":{\"@id\":\"https:\/\/hotelsantoni.net\/#organization\"},\"potentialAction\":[{\"@type\":\"SearchAction\",\"target\":{\"@type\":\"EntryPoint\",\"urlTemplate\":\"https:\/\/hotelsantoni.net\/?s={search_term_string}\"},\"query-input\":{\"@type\":\"PropertyValueSpecification\",\"valueRequired\":true,\"valueName\":\"search_term_string\"}}],\"inLanguage\":\"en-US\"},{\"@type\":\"Organization\",\"@id\":\"https:\/\/hotelsantoni.net\/#organization\",\"name\":\"Hotel Santoni\",\"url\":\"https:\/\/hotelsantoni.net\/\",\"logo\":{\"@type\":\"ImageObject\",\"inLanguage\":\"en-US\",\"@id\":\"https:\/\/hotelsantoni.net\/#\/schema\/logo\/image\/\",\"url\":\"https:\/\/hotelsantoni.net\/wp-content\/uploads\/2020\/04\/logo_nuovo_hotelsantoni.png\",\"contentUrl\":\"https:\/\/hotelsantoni.net\/wp-content\/uploads\/2020\/04\/logo_nuovo_hotelsantoni.png\",\"width\":300,\"height\":114,\"caption\":\"Hotel Santoni\"},\"image\":{\"@id\":\"https:\/\/hotelsantoni.net\/#\/schema\/logo\/image\/\"}}]}<\/script>\n<!-- \/ Yoast SEO plugin. -->","yoast_head_json":{"title":"Privacy & Cookies Policy - Hotel Santoni","robots":{"index":"index","follow":"follow","max-snippet":"max-snippet:-1","max-image-preview":"max-image-preview:large","max-video-preview":"max-video-preview:-1"},"canonical":"https:\/\/hotelsantoni.net\/en\/privacy-policy\/","og_locale":"en_US","og_type":"article","og_title":"Privacy & Cookies Policy - Hotel Santoni","og_description":"\u00a0 Privacy &amp; Cookies policies CHI SIAMO Hotel SantoniLa Presanella S.r.l. &#8211; Via 3 novembre 3538026 Fucine Ossana TNP.I. 01194310221 Email: info@hotelsantoni.netTel: +39 0463 751748 RESPONSABILE TRATTAMENTO DEI DATI: La Presanella S.r.l. PERCH\u00c9 QUESTE INFORMAZIONI Hotel Santoni si impegna costantemente per tutelare la privacy on-line dei suoi utenti. Questo documento \u00e8 stato redatto ai sensi.","og_url":"https:\/\/hotelsantoni.net\/en\/privacy-policy\/","og_site_name":"Hotel Santoni","article_modified_time":"2026-01-27T11:37:13+00:00","twitter_card":"summary_large_image","twitter_misc":{"Est. reading time":"7 minutes"},"schema":{"@context":"https:\/\/schema.org","@graph":[{"@type":"WebPage","@id":"https:\/\/hotelsantoni.net\/privacy-policy\/","url":"https:\/\/hotelsantoni.net\/privacy-policy\/","name":"Privacy & Cookies Policy - Hotel Santoni","isPartOf":{"@id":"https:\/\/hotelsantoni.net\/#website"},"datePublished":"2019-10-25T13:19:26+00:00","dateModified":"2026-01-27T11:37:13+00:00","breadcrumb":{"@id":"https:\/\/hotelsantoni.net\/privacy-policy\/#breadcrumb"},"inLanguage":"en-US","potentialAction":[{"@type":"ReadAction","target":["https:\/\/hotelsantoni.net\/privacy-policy\/"]}]},{"@type":"BreadcrumbList","@id":"https:\/\/hotelsantoni.net\/privacy-policy\/#breadcrumb","itemListElement":[{"@type":"ListItem","position":1,"name":"Home","item":"https:\/\/hotelsantoni.net\/"},{"@type":"ListItem","position":2,"name":"Privacy &#038; Cookies Policy"}]},{"@type":"WebSite","@id":"https:\/\/hotelsantoni.net\/#website","url":"https:\/\/hotelsantoni.net\/","name":"Santoni Hotel","description":"La tua vacanza in Val di Sole","publisher":{"@id":"https:\/\/hotelsantoni.net\/#organization"},"potentialAction":[{"@type":"SearchAction","target":{"@type":"EntryPoint","urlTemplate":"https:\/\/hotelsantoni.net\/?s={search_term_string}"},"query-input":{"@type":"PropertyValueSpecification","valueRequired":true,"valueName":"search_term_string"}}],"inLanguage":"en-US"},{"@type":"Organization","@id":"https:\/\/hotelsantoni.net\/#organization","name":"Santoni Hotel","url":"https:\/\/hotelsantoni.net\/","logo":{"@type":"ImageObject","inLanguage":"en-US","@id":"https:\/\/hotelsantoni.net\/#\/schema\/logo\/image\/","url":"https:\/\/hotelsantoni.net\/wp-content\/uploads\/2020\/04\/logo_nuovo_hotelsantoni.png","contentUrl":"https:\/\/hotelsantoni.net\/wp-content\/uploads\/2020\/04\/logo_nuovo_hotelsantoni.png","width":300,"height":114,"caption":"Hotel Santoni"},"image":{"@id":"https:\/\/hotelsantoni.net\/#\/schema\/logo\/image\/"}}]}},"publishpress_future_action":{"enabled":false,"date":"2026-04-14 17:50:52","action":"change-status","newStatus":"draft","terms":[],"taxonomy":""},"_links":{"self":[{"href":"https:\/\/hotelsantoni.net\/en\/wp-json\/wp\/v2\/pages\/3"}],"collection":[{"href":"https:\/\/hotelsantoni.net\/en\/wp-json\/wp\/v2\/pages"}],"about":[{"href":"https:\/\/hotelsantoni.net\/en\/wp-json\/wp\/v2\/types\/page"}],"author":[{"embeddable":true,"href":"https:\/\/hotelsantoni.net\/en\/wp-json\/wp\/v2\/users\/1"}],"replies":[{"embeddable":true,"href":"https:\/\/hotelsantoni.net\/en\/wp-json\/wp\/v2\/comments?post=3"}],"version-history":[{"count":15,"href":"https:\/\/hotelsantoni.net\/en\/wp-json\/wp\/v2\/pages\/3\/revisions"}],"predecessor-version":[{"id":5000,"href":"https:\/\/hotelsantoni.net\/en\/wp-json\/wp\/v2\/pages\/3\/revisions\/5000"}],"wp:attachment":[{"href":"https:\/\/hotelsantoni.net\/en\/wp-json\/wp\/v2\/media?parent=3"}],"curies":[{"name":"wp","href":"https:\/\/api.w.org\/{rel}","templated":true}]}}